{"id":10,"date":"2020-06-06T17:45:56","date_gmt":"2020-06-06T15:45:56","guid":{"rendered":"http:\/\/www.jh-design.at\/vorschauen\/0000-lieferservice-vorlage\/?page_id=10"},"modified":"2024-12-02T10:12:47","modified_gmt":"2024-12-02T09:12:47","slug":"impressum","status":"publish","type":"page","link":"https:\/\/www.pizzeria-mamarosa-burgauberg.at\/bestellsystem\/impressum\/","title":{"rendered":"Impressum"},"content":{"rendered":"\t\t<div data-elementor-type=\"wp-page\" data-elementor-id=\"10\" class=\"elementor elementor-10\" data-elementor-post-type=\"page\">\n\t\t\t\t\t\t<section class=\"elementor-section elementor-top-section elementor-element elementor-element-7e4a6952 elementor-section-full_width elementor-section-height-default elementor-section-height-default\" data-id=\"7e4a6952\" data-element_type=\"section\" data-e-type=\"section\">\n\t\t\t\t\t\t<div class=\"elementor-container elementor-column-gap-default\">\n\t\t\t\t\t<div class=\"elementor-column elementor-col-100 elementor-top-column elementor-element elementor-element-607737b2\" data-id=\"607737b2\" data-element_type=\"column\" data-e-type=\"column\">\n\t\t\t<div class=\"elementor-widget-wrap elementor-element-populated\">\n\t\t\t\t\t\t<div class=\"elementor-element elementor-element-15ef0834 elementor-align-right elementor-widget elementor-widget-button\" data-id=\"15ef0834\" data-element_type=\"widget\" data-e-type=\"widget\" data-settings=\"{&quot;sticky&quot;:&quot;top&quot;,&quot;sticky_on&quot;:[&quot;desktop&quot;,&quot;tablet&quot;,&quot;mobile&quot;],&quot;sticky_offset&quot;:0,&quot;sticky_effects_offset&quot;:0,&quot;sticky_anchor_link_offset&quot;:0}\" data-widget_type=\"button.default\">\n\t\t\t\t<div class=\"elementor-widget-container\">\n\t\t\t\t\t\t\t\t\t<div class=\"elementor-button-wrapper\">\n\t\t\t\t\t<a class=\"elementor-button elementor-button-link elementor-size-sm\" href=\"https:\/\/www.pizzeria-mamarosa-burgauberg.at\/bestellsystem\/\">\n\t\t\t\t\t\t<span class=\"elementor-button-content-wrapper\">\n\t\t\t\t\t\t<span class=\"elementor-button-icon\">\n\t\t\t\t<i aria-hidden=\"true\" class=\"fas fa-caret-left\"><\/i>\t\t\t<\/span>\n\t\t\t\t\t\t\t\t\t<span class=\"elementor-button-text\">Zur Startseite<\/span>\n\t\t\t\t\t<\/span>\n\t\t\t\t\t<\/a>\n\t\t\t\t<\/div>\n\t\t\t\t\t\t\t\t<\/div>\n\t\t\t\t<\/div>\n\t\t\t\t<div class=\"elementor-element elementor-element-2d1787f2 elementor-widget elementor-widget-text-editor\" data-id=\"2d1787f2\" data-element_type=\"widget\" data-e-type=\"widget\" data-widget_type=\"text-editor.default\">\n\t\t\t\t<div class=\"elementor-widget-container\">\n\t\t\t\t\t\t\t\t\t<p><strong>Impressum<\/strong><\/p><p>Pizzeria Mamarosa Burgauberg<br \/>Grazerstrasse 46a<br \/>7574 Burgauberg-Neudauberg<\/p><p><strong>Gesch\u00e4ftsf\u00fchrer<\/strong><br \/>Oguzhan Demirhan<\/p><p>Telefon: +43 3326 523 69<br \/>E-Mail: office@pizzeria-mamarosa-burgauberg.at<\/p><p>UID: In Gr\u00fcndung<br \/>Gewerbe: Gastronomie<\/p><p><strong>F\u00fcr den Inhalt verantwortlich<\/strong><br \/>Pizzeria Mamarosa Burgauberg Inh. Oguzhan Demirhan<br \/>Grazerstrasse 46a<br \/>7574 Burgauberg-Neudauberg<\/p><p><strong>Gestaltung und Realisierung<\/strong><br \/>JH IT-Design OG<br \/>Fischeraustra\u00dfe 22<br \/>8051 Graz<br \/><a href=\"https:\/\/www.jh-design.at\/\" target=\"_blank\" rel=\"noopener\">www.jh-design.at<\/a><br \/><a href=\"mailto:office@jh-design.at\">office@jh-design.at<\/a><\/p><p><strong>Serverstandort<\/strong><br \/>\u00d6sterreich<br \/>Alle Rechte vorbehalten.<\/p><p>Der Inhalt dieser Website ist urheberrechtlich gesch\u00fctzt. Nachdruck, Aufnahme in Online-Dienste, Internet und Vervielf\u00e4ltigung auf Datentr\u00e4ger wie CD-ROM, DVD-ROM usw. d\u00fcrfen, auch auszugsweise, nur nach vorheriger schriftlicher Zustimmung durch Pizzeria Mamarosa Burgauberg Inh. Oguzhan Demirhan &amp; JH IT-Design OG erfolgen. Eine kommerzielle Weitervermarktung des Inhalts ist untersagt.<\/p><p><b>EU-Streitschlichtung<br \/><\/b>Die Europ\u00e4ische Kommission stellt eine Plattform zur Online-Streitbeilegung (OS) bereit, die Sie unter http:\/\/ec.europa.eu\/consumers\/odr finden. Wir nehmen nicht an einem Streitbeilegungsverfahren vor einer Verbraucherschlichtungsstelle teil.<\/p><p><strong>Haftung f\u00fcr Inhalte<\/strong><br \/>Als Diensteanbieter sind wir gem\u00e4\u00df \u00a7 7 Abs.1 TMG f\u00fcr eigene Inhalte auf diesen Seiten nach den allgemeinen Gesetzen verantwortlich. Nach \u00a7\u00a7 8 bis 10 TMG sind wir als Diensteanbieter jedoch nicht verpflichtet, \u00fcbermittelte oder gespeicherte fremde Informationen zu \u00fcberwachen oder nach Umst\u00e4nden zu forschen, die auf eine rechtswidrige T\u00e4tigkeit hinweisen. Verpflichtungen zur Entfernung oder Sperrung der Nutzung von Informationen nach den allgemeinen Gesetzen bleiben hiervon unber\u00fchrt. Eine diesbez\u00fcgliche Haftung ist jedoch erst ab dem Zeitpunkt der Kenntnis einer konkreten Rechtsverletzung m\u00f6glich. Bei Bekanntwerden von entsprechenden Rechtsverletzungen werden wir diese Inhalte umgehend entfernen.<br \/><strong><br \/>Haftung f\u00fcr Links<\/strong><br \/>Unser Angebot enth\u00e4lt Links zu externen Webseiten Dritter, auf deren Inhalte wir keinen Einfluss haben. Deshalb k\u00f6nnen wir f\u00fcr diese fremden Inhalte auch keine Gew\u00e4hr \u00fcbernehmen. F\u00fcr die Inhalte der verlinkten Seiten ist stets der jeweilige Anbieter oder Betreiber der Seiten verantwortlich. Die verlinkten Seiten wurden zum Zeitpunkt der Verlinkung auf m\u00f6gliche Rechtsverst\u00f6\u00dfe \u00fcberpr\u00fcft. Rechtswidrige Inhalte waren zum Zeitpunkt der Verlinkung nicht erkennbar. Eine permanente inhaltliche Kontrolle der verlinkten Seiten ist jedoch ohne konkrete Anhaltspunkte einer Rechtsverletzung nicht zumutbar. Bei Bekanntwerden von Rechtsverletzungen werden wir derartige Links umgehend entfernen.<br \/><strong><br \/>Urheberrecht<\/strong><br \/>Die durch die Seitenbetreiber erstellten Inhalte und Werke auf diesen Seiten unterliegen dem deutschen Urheberrecht. Die Vervielf\u00e4ltigung, Bearbeitung, Verbreitung und jede Art der Verwertung au\u00dferhalb der Grenzen des Urheberrechtes bed\u00fcrfen der schriftlichen Zustimmung des jeweiligen Autors bzw. Erstellers. Downloads und Kopien dieser Seite sind nur f\u00fcr den privaten, nicht kommerziellen Gebrauch gestattet. Soweit die Inhalte auf dieser Seite nicht vom Betreiber erstellt wurden, werden die Urheberrechte Dritter beachtet. Insbesondere werden Inhalte Dritter als solche gekennzeichnet. Sollten Sie trotzdem auf eine Urheberrechtsverletzung aufmerksam werden, bitten wir um einen entsprechenden Hinweis. Bei Bekanntwerden von Rechtsverletzungen werden wir derartige Inhalte umgehend entfernen.<\/p>\t\t\t\t\t\t\t\t<\/div>\n\t\t\t\t<\/div>\n\t\t\t\t\t<\/div>\n\t\t<\/div>\n\t\t\t\t\t<\/div>\n\t\t<\/section>\n\t\t\t\t<\/div>\n\t\t","protected":false},"excerpt":{"rendered":"<p>Zur Startseite Impressum Pizzeria Mamarosa BurgaubergGrazerstrasse 46a7574 Burgauberg-Neudauberg Gesch\u00e4ftsf\u00fchrerOguzhan Demirhan Telefon: +43 3326 523 69E-Mail: office@pizzeria-mamarosa-burgauberg.at UID: In Gr\u00fcndungGewerbe: Gastronomie F\u00fcr den Inhalt verantwortlichPizzeria Mamarosa Burgauberg Inh. Oguzhan DemirhanGrazerstrasse 46a7574 Burgauberg-Neudauberg Gestaltung und RealisierungJH IT-Design OGFischeraustra\u00dfe 228051 Grazwww.jh-design.atoffice@jh-design.at Serverstandort\u00d6sterreichAlle Rechte vorbehalten. Der Inhalt dieser Website ist urheberrechtlich gesch\u00fctzt. Nachdruck, Aufnahme in Online-Dienste, Internet und Vervielf\u00e4ltigung [&hellip;]<\/p>\n","protected":false},"author":1,"featured_media":0,"parent":0,"menu_order":0,"comment_status":"closed","ping_status":"closed","template":"elementor_header_footer","meta":{"footnotes":""},"class_list":["post-10","page","type-page","status-publish","hentry"],"_links":{"self":[{"href":"https:\/\/www.pizzeria-mamarosa-burgauberg.at\/bestellsystem\/wp-json\/wp\/v2\/pages\/10","targetHints":{"allow":["GET"]}}],"collection":[{"href":"https:\/\/www.pizzeria-mamarosa-burgauberg.at\/bestellsystem\/wp-json\/wp\/v2\/pages"}],"about":[{"href":"https:\/\/www.pizzeria-mamarosa-burgauberg.at\/bestellsystem\/wp-json\/wp\/v2\/types\/page"}],"author":[{"embeddable":true,"href":"https:\/\/www.pizzeria-mamarosa-burgauberg.at\/bestellsystem\/wp-json\/wp\/v2\/users\/1"}],"replies":[{"embeddable":true,"href":"https:\/\/www.pizzeria-mamarosa-burgauberg.at\/bestellsystem\/wp-json\/wp\/v2\/comments?post=10"}],"version-history":[{"count":11,"href":"https:\/\/www.pizzeria-mamarosa-burgauberg.at\/bestellsystem\/wp-json\/wp\/v2\/pages\/10\/revisions"}],"predecessor-version":[{"id":883,"href":"https:\/\/www.pizzeria-mamarosa-burgauberg.at\/bestellsystem\/wp-json\/wp\/v2\/pages\/10\/revisions\/883"}],"wp:attachment":[{"href":"https:\/\/www.pizzeria-mamarosa-burgauberg.at\/bestellsystem\/wp-json\/wp\/v2\/media?parent=10"}],"curies":[{"name":"wp","href":"https:\/\/api.w.org\/{rel}","templated":true}]}}